{"id":183,"date":"2023-10-24T17:26:36","date_gmt":"2023-10-24T17:26:36","guid":{"rendered":"https:\/\/www.moma-tickets.com\/?page_id=183"},"modified":"2025-06-09T09:31:17","modified_gmt":"2025-06-09T09:31:17","slug":"politica-de-privacidad","status":"publish","type":"page","link":"https:\/\/www.moma-tickets.com\/es\/privacy-policy\/","title":{"rendered":"Pol\u00edtica de Privacidad"},"content":{"rendered":"<h1 class=\"wp-block-heading has-text-align-center has-luminous-vivid-orange-color has-text-color has-large-font-size\">Pol\u00edtica de Privacidad<\/h1>\n\n\n\n<p class=\"has-ast-global-color-2-color has-text-color has-medium-font-size\">Your privacy is important to us. In&nbsp;<a href=\"https:\/\/www.moma-tickets.com\/es\/\" target=\"_blank\" rel=\"noreferrer noopener\">www.moma-tickets.com<\/a>&nbsp;we respect your privacy and information that may be collected on your visit.<\/p>\n\n\n\n<p class=\"has-ast-global-color-2-color has-text-color has-medium-font-size\">Personal information is requested only when it is really necessary to provide you with a service. This request is made through fair and legal means, with your knowledge and consent. We also tell you why that information is collected and how it will be used.<\/p>\n\n\n\n<p class=\"has-ast-global-color-2-color has-text-color has-medium-font-size\">The information collected is only retained for the time necessary to provide the requested service. When data is stored, it is protected using commercially acceptable means to prevent loss and theft, as well as unauthorized access, disclosure, copying, use or modification.<\/p>\n\n\n\n<p class=\"has-ast-global-color-2-color has-text-color has-medium-font-size\">Personally identifiable information is not shared publicly or with third parties, except when required by law.<\/p>\n\n\n\n<p class=\"has-ast-global-color-2-color has-text-color has-medium-font-size\">This\u00a0<a href=\"https:\/\/www.moma-tickets.com\/es\/\" target=\"_blank\" rel=\"noreferrer noopener\">website<\/a>\u00a0may contain links to <a href=\"https:\/\/www.tiqets.com\/en\/new-york-attractions-c260932\/tickets-for-the-museum-of-modern-art-skip-the-line-p974081\/?partner=moma&amp;tq_campaign=privacy\" target=\"_blank\" rel=\"noreferrer noopener\">external websites<\/a> that are not operated by us. Please be aware that this\u00a0<a href=\"https:\/\/www.tiqets.com\/en\/new-york-attractions-c260932\/tickets-for-the-museum-of-modern-art-skip-the-line-p974081\/?partner=moma&amp;tq_campaign=privacy\" target=\"_blank\" rel=\"noreferrer noopener\">website\u00a0<\/a>has no control over the content and practices of those websites, and cannot accept responsibility for their respective privacy policies.<\/p>\n\n\n\n<p class=\"has-ast-global-color-2-color has-text-color has-medium-font-size\">The user is free to refuse providing the requested personal information, understanding that some of the desired services may not be provided.<\/p>\n\n\n\n<p class=\"has-ast-global-color-2-color has-text-color has-medium-font-size\">The continued use of this website will be considered as an acceptance of the practices around privacy and personal information. If you have any questions about how user data and personal information are managed, or about our privacy policy in general please&nbsp;contact us on&nbsp;<a href=\"mailto:info@moma-tickets.com\"><strong>info@moma-tickets.com<\/strong><\/a>.<\/p>\n\n\n\n<div class=\"wp-block-uagb-advanced-heading uagb-block-fdd8b20b\"><h2 class=\"uagb-heading-text\"><strong>What Personal Data Is Collected And Why<\/strong><\/h2><\/div>\n\n\n\n<p class=\"has-ast-global-color-2-color has-text-color has-medium-font-size\">Personal data is not created solely by the interaction of users with the website. Personal data is created through technical processes such as contact forms, comments, cookies, analytical data, and the incorporation of third parties.<\/p>\n\n\n\n<style>\n    a.cky-banner-element {\n        padding: 8px 30px;\n        background: #F8F9FA;\n        color: #858A8F;\n        border: 1px solid #DEE2E6;\n        box-sizing: border-box;\n        border-radius: 2px;\n        cursor: pointer;\n}\n<\/style>\n<h2 class=\"cookie-policy-h2\">Cookie Policy<\/h1>\n<p>\n    Effective Date: 12-Mar-2024 <br>\n    Last Updated: 12-Mar-2024\n<\/p>\n\n&nbsp;\n<h5>What are cookies?<\/h5>\n<div class=\"cookie-policy-p\"><p>This Cookie Policy explains what cookies are and how we use them, the types of cookies we use i.e, the information we collect using cookies and how that information is used, and how to manage the cookie settings.<\/p> <p>Cookies are small text files that are used to store small pieces of information. They are stored on your device when the website is loaded on your browser. These cookies help us make the website function properly, make it more secure, provide better user experience, and understand how the website performs and to analyze what works and where it needs improvement.<\/p><\/div>\n\n&nbsp;\n<h5>How do we use cookies?<\/h5>\n<div class=\"cookie-policy-p\"><p>As most of the online services, our website uses first-party and third-party cookies for several purposes. First-party cookies are mostly necessary for the website to function the right way, and they do not collect any of your personally identifiable data.<\/p> <p>The third-party cookies used on our website are mainly for understanding how the website performs, how you interact with our website, keeping our services secure, providing advertisements that are relevant to you, and all in all providing you with a better and improved user experience and help speed up your future interactions with our website.<\/p><\/div>\n\n&nbsp;\n    <h5>Types of Cookies we use<\/h5>\n\n    <div class=\"cky-audit-table-element\"><\/div>\n\n&nbsp;\n    <h5 style=\"margin-bottom:20px;\">Manage cookie preferences<\/h5>\n\n    <a class=\"cky-banner-element\">Cookie Settings<\/a> <br\/>\n\n    <div><p>You can change your cookie preferences any time by clicking the above button. This will let you revisit the cookie consent banner and change your preferences or withdraw your consent right away. <\/p> <p>In addition to this, different browsers provide different methods to block and delete cookies used by websites. You can change the settings of your browser to block\/delete the cookies. Listed below are the links to the support documents on how to manage and delete cookies from the major web browsers.<\/p> <p>Chrome: <a href=\"https:\/\/support.google.com\/accounts\/answer\/32050\" target=\"_blank\" rel=\"noopener\">https:\/\/support.google.com\/accounts\/answer\/32050<\/a><\/p><p>Safari: <a href=\"https:\/\/support.apple.com\/en-in\/guide\/safari\/sfri11471\/mac\" target=\"_blank\" rel=\"noopener\">https:\/\/support.apple.com\/en-in\/guide\/safari\/sfri11471\/mac<\/a><\/p><p>Firefox: <a href=\"https:\/\/support.mozilla.org\/en-US\/kb\/clear-cookies-and-site-data-firefox?redirectslug=delete-cookies-remove-info-websites-stored&#038;redirectlocale=en-US\" target=\"_blank\" rel=\"noopener\">https:\/\/support.mozilla.org\/en-US\/kb\/clear-cookies-and-site-data-firefox?redirectslug=delete-cookies-remove-info-websites-stored&#038;redirectlocale=en-US<\/a><\/p><p>Internet Explorer: <a href=\"https:\/\/support.microsoft.com\/en-us\/topic\/how-to-delete-cookie-files-in-internet-explorer-bca9446f-d873-78de-77ba-d42645fa52fc\" target=\"_blank\" rel=\"noopener\">https:\/\/support.microsoft.com\/en-us\/topic\/how-to-delete-cookie-files-in-internet-explorer-bca9446f-d873-78de-77ba-d42645fa52fc<\/a><\/p><p>If you are using any other web browser, please visit your browser\u2019s official support documents.<\/p><\/div>\n\n\n&nbsp;\n<p class=\"cookie-policy-p\">\n    Cookie Policy Generated By  <a target=\"_blank\" href=\"https:\/\/www.cookieyes.com\/?utm_source=CP&#038;utm_medium=footer&#038;utm_campaign=UW\" rel=\"noopener\">CookieYes &#8211; Cookie Policy Generator<\/a>.\n<\/p>\n\n\n\n<div class=\"wp-block-uagb-advanced-heading uagb-block-c31aff08\"><h2 class=\"uagb-heading-text\"><strong>Embedded Content From Other Websites<\/strong><\/h2><\/div>\n\n\n\n<ul class=\"wp-block-list\">\n<li class=\"has-medium-font-size\">This website may include embedded content (for example: videos, images, articles, etc.). The embedded content from other websites behaves as if the user is visiting those websites.<\/li>\n<\/ul>\n\n\n\n<div class=\"wp-block-uagb-advanced-heading uagb-block-3e45b5bf\"><h2 class=\"uagb-heading-text\"><strong>The Rights You Have Over Your Data<\/strong><\/h2><\/div>\n\n\n\n<p class=\"has-ast-global-color-2-color has-text-color has-medium-font-size\">If you have left comments on this website, you can request to receive an export file with the personal data stored about you, including any personal data you have specified. You can also request that the saved data is deleted. This does not include any personal data that is required to be kept for administrative, legal or security purposes.<\/p>\n\n\n\n<p class=\"has-ast-global-color-2-color has-text-color has-medium-font-size\">If you have any questions about our privacy policy or wish to change, update or remove any personal information, send an email to&nbsp;<a href=\"mailto:info@moma-tickets.com\" target=\"_blank\" rel=\"noreferrer noopener\"><strong>info@moma-tickets.com<\/strong><\/a>.<\/p>\n\n\n\n<p class=\"has-ast-global-color-2-color has-text-color has-medium-font-size\">If you have any questions regarding the general terms and conditions concerning the use of this website, check our Terms&amp;Conditions page.&nbsp;<\/p>\n\n\n\n<div style=\"height:30px\" aria-hidden=\"true\" class=\"wp-block-spacer\"><\/div>","protected":false},"excerpt":{"rendered":"<p>Privacy Policy Your privacy is important to us. In&nbsp;www.moma-tickets.com&nbsp;we respect your privacy and information that may be collected on your visit. Personal information is requested only when it is really necessary to provide you with a service. This request is made through fair and legal means, with your knowledge and consent. We also tell you [&hellip;]<\/p>\n","protected":false},"author":1,"featured_media":224,"parent":0,"menu_order":0,"comment_status":"closed","ping_status":"closed","template":"","meta":{"_uag_custom_page_level_css":"","site-sidebar-layout":"default","site-content-layout":"","ast-site-content-layout":"default","site-content-style":"default","site-sidebar-style":"default","ast-global-header-display":"","ast-banner-title-visibility":"","ast-main-header-display":"","ast-hfb-above-header-display":"","ast-hfb-below-header-display":"","ast-hfb-mobile-header-display":"","site-post-title":"disabled","ast-breadcrumbs-content":"","ast-featured-img":"disabled","footer-sml-layout":"","ast-disable-related-posts":"","theme-transparent-header-meta":"","adv-header-id-meta":"","stick-header-meta":"","header-above-stick-meta":"","header-main-stick-meta":"","header-below-stick-meta":"","astra-migrate-meta-layouts":"","ast-page-background-enabled":"default","ast-page-background-meta":{"desktop":{"background-color":"var(--ast-global-color-4)","background-image":"","background-repeat":"repeat","background-position":"center center","background-size":"auto","background-attachment":"scroll","background-type":"","background-media":"","overlay-type":"","overlay-color":"","overlay-opacity":"","overlay-gradient":""},"tablet":{"background-color":"","background-image":"","background-repeat":"repeat","background-position":"center center","background-size":"auto","background-attachment":"scroll","background-type":"","background-media":"","overlay-type":"","overlay-color":"","overlay-opacity":"","overlay-gradient":""},"mobile":{"background-color":"","background-image":"","background-repeat":"repeat","background-position":"center center","background-size":"auto","background-attachment":"scroll","background-type":"","background-media":"","overlay-type":"","overlay-color":"","overlay-opacity":"","overlay-gradient":""}},"ast-content-background-meta":{"desktop":{"background-color":"var(--ast-global-color-5)","background-image":"","background-repeat":"repeat","background-position":"center center","background-size":"auto","background-attachment":"scroll","background-type":"","background-media":"","overlay-type":"","overlay-color":"","overlay-opacity":"","overlay-gradient":""},"tablet":{"background-color":"var(--ast-global-color-5)","background-image":"","background-repeat":"repeat","background-position":"center center","background-size":"auto","background-attachment":"scroll","background-type":"","background-media":"","overlay-type":"","overlay-color":"","overlay-opacity":"","overlay-gradient":""},"mobile":{"background-color":"var(--ast-global-color-5)","background-image":"","background-repeat":"repeat","background-position":"center center","background-size":"auto","background-attachment":"scroll","background-type":"","background-media":"","overlay-type":"","overlay-color":"","overlay-opacity":"","overlay-gradient":""}},"footnotes":""},"class_list":["post-183","page","type-page","status-publish","has-post-thumbnail","hentry"],"yoast_head":"<!-- This site is optimized with the Yoast SEO plugin v27.4 - https:\/\/yoast.com\/product\/yoast-seo-wordpress\/ -->\n<title>Privacy Policy - MoMA Online Tickets<\/title>\n<meta name=\"description\" content=\"Read our Privacy Policy. We respect your privacy and information that may be collected during your visit. Buy Online and Save Time!\" \/>\n<meta name=\"robots\" content=\"index, follow, max-snippet:-1, max-image-preview:large, max-video-preview:-1\" \/>\n<link rel=\"canonical\" href=\"https:\/\/www.moma-tickets.com\/es\/politica-de-privacidad\/\" \/>\n<meta property=\"og:locale\" content=\"es_ES\" \/>\n<meta property=\"og:type\" content=\"article\" \/>\n<meta property=\"og:title\" content=\"Privacy Policy - MoMA Online Tickets\" \/>\n<meta property=\"og:description\" content=\"Read our Privacy Policy. We respect your privacy and information that may be collected during your visit. Buy Online and Save Time!\" \/>\n<meta property=\"og:url\" content=\"https:\/\/www.moma-tickets.com\/es\/politica-de-privacidad\/\" \/>\n<meta property=\"og:site_name\" content=\"MoMA Tickets\" \/>\n<meta property=\"article:modified_time\" content=\"2025-06-09T09:31:17+00:00\" \/>\n<meta property=\"og:image\" content=\"https:\/\/www.moma-tickets.com\/wp-content\/uploads\/2023\/10\/Henri-Matisse-Dance-scaled.webp\" \/>\n\t<meta property=\"og:image:width\" content=\"1707\" \/>\n\t<meta property=\"og:image:height\" content=\"2560\" \/>\n\t<meta property=\"og:image:type\" content=\"image\/webp\" \/>\n<meta name=\"twitter:card\" content=\"summary_large_image\" \/>\n<meta name=\"twitter:label1\" content=\"Tiempo de lectura\" \/>\n\t<meta name=\"twitter:data1\" content=\"4 minutos\" \/>\n<script type=\"application\/ld+json\" class=\"yoast-schema-graph\">{\"@context\":\"https:\\\/\\\/schema.org\",\"@graph\":[{\"@type\":\"WebPage\",\"@id\":\"https:\\\/\\\/www.moma-tickets.com\\\/privacy-policy\\\/\",\"url\":\"https:\\\/\\\/www.moma-tickets.com\\\/privacy-policy\\\/\",\"name\":\"Privacy Policy - MoMA Online Tickets\",\"isPartOf\":{\"@id\":\"https:\\\/\\\/www.moma-tickets.com\\\/#website\"},\"primaryImageOfPage\":{\"@id\":\"https:\\\/\\\/www.moma-tickets.com\\\/privacy-policy\\\/#primaryimage\"},\"image\":{\"@id\":\"https:\\\/\\\/www.moma-tickets.com\\\/privacy-policy\\\/#primaryimage\"},\"thumbnailUrl\":\"https:\\\/\\\/www.moma-tickets.com\\\/wp-content\\\/uploads\\\/2023\\\/10\\\/Henri-Matisse-Dance-scaled.webp\",\"datePublished\":\"2023-10-24T17:26:36+00:00\",\"dateModified\":\"2025-06-09T09:31:17+00:00\",\"description\":\"Read our Privacy Policy. We respect your privacy and information that may be collected during your visit. Buy Online and Save Time!\",\"breadcrumb\":{\"@id\":\"https:\\\/\\\/www.moma-tickets.com\\\/privacy-policy\\\/#breadcrumb\"},\"inLanguage\":\"es\",\"potentialAction\":[{\"@type\":\"ReadAction\",\"target\":[\"https:\\\/\\\/www.moma-tickets.com\\\/privacy-policy\\\/\"]}]},{\"@type\":\"ImageObject\",\"inLanguage\":\"es\",\"@id\":\"https:\\\/\\\/www.moma-tickets.com\\\/privacy-policy\\\/#primaryimage\",\"url\":\"https:\\\/\\\/www.moma-tickets.com\\\/wp-content\\\/uploads\\\/2023\\\/10\\\/Henri-Matisse-Dance-scaled.webp\",\"contentUrl\":\"https:\\\/\\\/www.moma-tickets.com\\\/wp-content\\\/uploads\\\/2023\\\/10\\\/Henri-Matisse-Dance-scaled.webp\",\"width\":1707,\"height\":2560,\"caption\":\"Buy your MoMA Ticket Online\"},{\"@type\":\"BreadcrumbList\",\"@id\":\"https:\\\/\\\/www.moma-tickets.com\\\/privacy-policy\\\/#breadcrumb\",\"itemListElement\":[{\"@type\":\"ListItem\",\"position\":1,\"name\":\"Home\",\"item\":\"https:\\\/\\\/www.moma-tickets.com\\\/\"},{\"@type\":\"ListItem\",\"position\":2,\"name\":\"Privacy Policy\"}]},{\"@type\":\"WebSite\",\"@id\":\"https:\\\/\\\/www.moma-tickets.com\\\/#website\",\"url\":\"https:\\\/\\\/www.moma-tickets.com\\\/\",\"name\":\"MoMA Tickets\",\"description\":\"Online Tickets for Museum of Modern Art\",\"publisher\":{\"@id\":\"https:\\\/\\\/www.moma-tickets.com\\\/#organization\"},\"potentialAction\":[{\"@type\":\"SearchAction\",\"target\":{\"@type\":\"EntryPoint\",\"urlTemplate\":\"https:\\\/\\\/www.moma-tickets.com\\\/?s={search_term_string}\"},\"query-input\":{\"@type\":\"PropertyValueSpecification\",\"valueRequired\":true,\"valueName\":\"search_term_string\"}}],\"inLanguage\":\"es\"},{\"@type\":\"Organization\",\"@id\":\"https:\\\/\\\/www.moma-tickets.com\\\/#organization\",\"name\":\"MoMA Tickets\",\"url\":\"https:\\\/\\\/www.moma-tickets.com\\\/\",\"logo\":{\"@type\":\"ImageObject\",\"inLanguage\":\"es\",\"@id\":\"https:\\\/\\\/www.moma-tickets.com\\\/#\\\/schema\\\/logo\\\/image\\\/\",\"url\":\"https:\\\/\\\/www.moma-tickets.com\\\/wp-content\\\/uploads\\\/2024\\\/09\\\/cropped-Logo-MoMA-Ads.png\",\"contentUrl\":\"https:\\\/\\\/www.moma-tickets.com\\\/wp-content\\\/uploads\\\/2024\\\/09\\\/cropped-Logo-MoMA-Ads.png\",\"width\":512,\"height\":512,\"caption\":\"MoMA Tickets\"},\"image\":{\"@id\":\"https:\\\/\\\/www.moma-tickets.com\\\/#\\\/schema\\\/logo\\\/image\\\/\"}}]}<\/script>\n<!-- \/ Yoast SEO plugin. -->","yoast_head_json":{"title":"Pol\u00edtica de privacidad - Entradas MoMA en l\u00ednea","description":"Lea nuestra Pol\u00edtica de Privacidad. Respetamos su privacidad y la informaci\u00f3n que puede ser recopilada durante su visita. \u00a1Compre en l\u00ednea y ahorre tiempo!","robots":{"index":"index","follow":"follow","max-snippet":"max-snippet:-1","max-image-preview":"max-image-preview:large","max-video-preview":"max-video-preview:-1"},"canonical":"https:\/\/www.moma-tickets.com\/es\/politica-de-privacidad\/","og_locale":"es_ES","og_type":"article","og_title":"Privacy Policy - MoMA Online Tickets","og_description":"Read our Privacy Policy. We respect your privacy and information that may be collected during your visit. Buy Online and Save Time!","og_url":"https:\/\/www.moma-tickets.com\/es\/politica-de-privacidad\/","og_site_name":"MoMA Tickets","article_modified_time":"2025-06-09T09:31:17+00:00","og_image":[{"width":1707,"height":2560,"url":"https:\/\/www.moma-tickets.com\/wp-content\/uploads\/2023\/10\/Henri-Matisse-Dance-scaled.webp","type":"image\/webp"}],"twitter_card":"summary_large_image","twitter_misc":{"Tiempo de lectura":"4 minutos"},"schema":{"@context":"https:\/\/schema.org","@graph":[{"@type":"WebPage","@id":"https:\/\/www.moma-tickets.com\/privacy-policy\/","url":"https:\/\/www.moma-tickets.com\/privacy-policy\/","name":"Pol\u00edtica de privacidad - Entradas MoMA en l\u00ednea","isPartOf":{"@id":"https:\/\/www.moma-tickets.com\/#website"},"primaryImageOfPage":{"@id":"https:\/\/www.moma-tickets.com\/privacy-policy\/#primaryimage"},"image":{"@id":"https:\/\/www.moma-tickets.com\/privacy-policy\/#primaryimage"},"thumbnailUrl":"https:\/\/www.moma-tickets.com\/wp-content\/uploads\/2023\/10\/Henri-Matisse-Dance-scaled.webp","datePublished":"2023-10-24T17:26:36+00:00","dateModified":"2025-06-09T09:31:17+00:00","description":"Lea nuestra Pol\u00edtica de Privacidad. Respetamos su privacidad y la informaci\u00f3n que puede ser recopilada durante su visita. \u00a1Compre en l\u00ednea y ahorre tiempo!","breadcrumb":{"@id":"https:\/\/www.moma-tickets.com\/privacy-policy\/#breadcrumb"},"inLanguage":"es","potentialAction":[{"@type":"ReadAction","target":["https:\/\/www.moma-tickets.com\/privacy-policy\/"]}]},{"@type":"ImageObject","inLanguage":"es","@id":"https:\/\/www.moma-tickets.com\/privacy-policy\/#primaryimage","url":"https:\/\/www.moma-tickets.com\/wp-content\/uploads\/2023\/10\/Henri-Matisse-Dance-scaled.webp","contentUrl":"https:\/\/www.moma-tickets.com\/wp-content\/uploads\/2023\/10\/Henri-Matisse-Dance-scaled.webp","width":1707,"height":2560,"caption":"Buy your MoMA Ticket Online"},{"@type":"BreadcrumbList","@id":"https:\/\/www.moma-tickets.com\/privacy-policy\/#breadcrumb","itemListElement":[{"@type":"ListItem","position":1,"name":"Home","item":"https:\/\/www.moma-tickets.com\/"},{"@type":"ListItem","position":2,"name":"Privacy Policy"}]},{"@type":"WebSite","@id":"https:\/\/www.moma-tickets.com\/#website","url":"https:\/\/www.moma-tickets.com\/","name":"Entradas MoMA","description":"Entradas en l\u00ednea para el Museo de Arte Moderno","publisher":{"@id":"https:\/\/www.moma-tickets.com\/#organization"},"potentialAction":[{"@type":"SearchAction","target":{"@type":"EntryPoint","urlTemplate":"https:\/\/www.moma-tickets.com\/?s={search_term_string}"},"query-input":{"@type":"PropertyValueSpecification","valueRequired":true,"valueName":"search_term_string"}}],"inLanguage":"es"},{"@type":"Organization","@id":"https:\/\/www.moma-tickets.com\/#organization","name":"Entradas MoMA","url":"https:\/\/www.moma-tickets.com\/","logo":{"@type":"ImageObject","inLanguage":"es","@id":"https:\/\/www.moma-tickets.com\/#\/schema\/logo\/image\/","url":"https:\/\/www.moma-tickets.com\/wp-content\/uploads\/2024\/09\/cropped-Logo-MoMA-Ads.png","contentUrl":"https:\/\/www.moma-tickets.com\/wp-content\/uploads\/2024\/09\/cropped-Logo-MoMA-Ads.png","width":512,"height":512,"caption":"MoMA Tickets"},"image":{"@id":"https:\/\/www.moma-tickets.com\/#\/schema\/logo\/image\/"}}]}},"uagb_featured_image_src":{"full":["https:\/\/www.moma-tickets.com\/wp-content\/uploads\/2023\/10\/Henri-Matisse-Dance-scaled.webp",1707,2560,false],"thumbnail":["https:\/\/www.moma-tickets.com\/wp-content\/uploads\/2023\/10\/Henri-Matisse-Dance-150x150.webp",150,150,true],"medium":["https:\/\/www.moma-tickets.com\/wp-content\/uploads\/2023\/10\/Henri-Matisse-Dance-200x300.webp",200,300,true],"medium_large":["https:\/\/www.moma-tickets.com\/wp-content\/uploads\/2023\/10\/Henri-Matisse-Dance-768x1152.webp",768,1152,true],"large":["https:\/\/www.moma-tickets.com\/wp-content\/uploads\/2023\/10\/Henri-Matisse-Dance-683x1024.webp",683,1024,true],"1536x1536":["https:\/\/www.moma-tickets.com\/wp-content\/uploads\/2023\/10\/Henri-Matisse-Dance-1024x1536.webp",1024,1536,true],"2048x2048":["https:\/\/www.moma-tickets.com\/wp-content\/uploads\/2023\/10\/Henri-Matisse-Dance-1365x2048.webp",1365,2048,true],"trp-custom-language-flag":["https:\/\/www.moma-tickets.com\/wp-content\/uploads\/2023\/10\/Henri-Matisse-Dance-scaled.webp",8,12,false]},"uagb_author_info":{"display_name":"admin8712","author_link":"https:\/\/www.moma-tickets.com\/es\/author\/admin8712\/"},"uagb_comment_info":0,"uagb_excerpt":"Privacy Policy Your privacy is important to us. In&nbsp;www.moma-tickets.com&nbsp;we respect your privacy and information that may be collected on your visit. Personal information is requested only when it is really necessary to provide you with a service. This request is made through fair and legal means, with your knowledge and consent. We also tell you&hellip;","_links":{"self":[{"href":"https:\/\/www.moma-tickets.com\/es\/wp-json\/wp\/v2\/pages\/183","targetHints":{"allow":["GET"]}}],"collection":[{"href":"https:\/\/www.moma-tickets.com\/es\/wp-json\/wp\/v2\/pages"}],"about":[{"href":"https:\/\/www.moma-tickets.com\/es\/wp-json\/wp\/v2\/types\/page"}],"author":[{"embeddable":true,"href":"https:\/\/www.moma-tickets.com\/es\/wp-json\/wp\/v2\/users\/1"}],"replies":[{"embeddable":true,"href":"https:\/\/www.moma-tickets.com\/es\/wp-json\/wp\/v2\/comments?post=183"}],"version-history":[{"count":1,"href":"https:\/\/www.moma-tickets.com\/es\/wp-json\/wp\/v2\/pages\/183\/revisions"}],"predecessor-version":[{"id":642,"href":"https:\/\/www.moma-tickets.com\/es\/wp-json\/wp\/v2\/pages\/183\/revisions\/642"}],"wp:featuredmedia":[{"embeddable":true,"href":"https:\/\/www.moma-tickets.com\/es\/wp-json\/wp\/v2\/media\/224"}],"wp:attachment":[{"href":"https:\/\/www.moma-tickets.com\/es\/wp-json\/wp\/v2\/media?parent=183"}],"curies":[{"name":"wp","href":"https:\/\/api.w.org\/{rel}","templated":true}]}}